{"id":3478,"date":"2021-12-23T04:46:18","date_gmt":"2021-12-23T04:46:18","guid":{"rendered":"https:\/\/www.justicefordayscholars.com\/resources\/mieux-etre\/"},"modified":"2025-01-28T21:22:18","modified_gmt":"2025-01-28T21:22:18","slug":"soutien-et-ressources","status":"publish","type":"page","link":"https:\/\/www.justicefordayscholars.com\/fr\/soutien-et-ressources\/","title":{"rendered":"Soutien et ressources"},"content":{"rendered":"<p>[et_pb_section fb_built=\u00a0\u00bb1&Prime; inner_shadow=\u00a0\u00bbon\u00a0\u00bb fullwidth=\u00a0\u00bbon\u00a0\u00bb custom_padding_last_edited=\u00a0\u00bbon|desktop\u00a0\u00bb admin_label=\u00a0\u00bbsection\u00a0\u00bb _builder_version=\u00a0\u00bb4.16&Prime; _dynamic_attributes=\u00a0\u00bbbackground_image\u00a0\u00bb background_enable_color=\u00a0\u00bboff\u00a0\u00bb background_image=\u00a0\u00bb@ET-DC@eyJkeW5hbWljIjp0cnVlLCJjb250ZW50IjoicG9zdF9mZWF0dXJlZF9pbWFnZSIsInNldHRpbmdzIjp7fX0=@\u00a0\u00bb custom_padding_tablet=\u00a0\u00bb50px|0|50px|0&Prime; custom_padding_phone=\u00a0\u00bb\u00a0\u00bb transparent_background=\u00a0\u00bboff\u00a0\u00bb padding_mobile=\u00a0\u00bboff\u00a0\u00bb make_fullwidth=\u00a0\u00bboff\u00a0\u00bb use_custom_width=\u00a0\u00bboff\u00a0\u00bb width_unit=\u00a0\u00bbon\u00a0\u00bb locked=\u00a0\u00bboff\u00a0\u00bb global_colors_info=\u00a0\u00bb{}\u00a0\u00bb][et_pb_fullwidth_header title=\u00a0\u00bb@ET-DC@eyJkeW5hbWljIjp0cnVlLCJjb250ZW50IjoicG9zdF90aXRsZSIsInNldHRpbmdzIjp7ImJlZm9yZSI6IiIsImFmdGVyIjoiIn19@\u00a0\u00bb text_orientation=\u00a0\u00bbcenter\u00a0\u00bb content_max_width=\u00a0\u00bbnone\u00a0\u00bb admin_label=\u00a0\u00bbFullwidth Header\u00a0\u00bb _builder_version=\u00a0\u00bb4.16&Prime; _dynamic_attributes=\u00a0\u00bbtitle\u00a0\u00bb background_color=\u00a0\u00bbrgba(255, 255, 255, 0)\u00a0\u00bb button_one_letter_spacing_hover=\u00a0\u00bb0&Prime; button_two_letter_spacing_hover=\u00a0\u00bb0&Prime; global_colors_info=\u00a0\u00bb{}\u00a0\u00bb button_one_text_size__hover_enabled=\u00a0\u00bboff\u00a0\u00bb button_two_text_size__hover_enabled=\u00a0\u00bboff\u00a0\u00bb button_one_text_color__hover_enabled=\u00a0\u00bboff\u00a0\u00bb button_two_text_color__hover_enabled=\u00a0\u00bboff\u00a0\u00bb button_one_border_width__hover_enabled=\u00a0\u00bboff\u00a0\u00bb button_two_border_width__hover_enabled=\u00a0\u00bboff\u00a0\u00bb button_one_border_color__hover_enabled=\u00a0\u00bboff\u00a0\u00bb button_two_border_color__hover_enabled=\u00a0\u00bboff\u00a0\u00bb button_one_border_radius__hover_enabled=\u00a0\u00bboff\u00a0\u00bb button_two_border_radius__hover_enabled=\u00a0\u00bboff\u00a0\u00bb button_one_letter_spacing__hover_enabled=\u00a0\u00bbon\u00a0\u00bb button_one_letter_spacing__hover=\u00a0\u00bb0&Prime; button_two_letter_spacing__hover_enabled=\u00a0\u00bbon\u00a0\u00bb button_two_letter_spacing__hover=\u00a0\u00bb0&Prime; button_one_bg_color__hover_enabled=\u00a0\u00bboff\u00a0\u00bb button_two_bg_color__hover_enabled=\u00a0\u00bboff\u00a0\u00bb] [\/et_pb_fullwidth_header][\/et_pb_section][et_pb_section fb_built=\u00a0\u00bb1&Prime; custom_padding_last_edited=\u00a0\u00bbon|desktop\u00a0\u00bb admin_label=\u00a0\u00bbClaims status banner\u00a0\u00bb module_id=\u00a0\u00bbclass\u00a0\u00bb _builder_version=\u00a0\u00bb4.23.1&Prime; background_color=\u00a0\u00bb#0C71C3&Prime; custom_padding=\u00a0\u00bb0px||0px||false|false\u00a0\u00bb custom_padding_tablet=\u00a0\u00bb0px|0|0px|0|false|false\u00a0\u00bb custom_padding_phone=\u00a0\u00bb\u00a0\u00bb sticky_position=\u00a0\u00bbtop\u00a0\u00bb transparent_background=\u00a0\u00bboff\u00a0\u00bb padding_mobile=\u00a0\u00bboff\u00a0\u00bb saved_tabs=\u00a0\u00bball\u00a0\u00bb locked=\u00a0\u00bboff\u00a0\u00bb global_colors_info=\u00a0\u00bb{}\u00a0\u00bb][et_pb_row custom_padding_last_edited=\u00a0\u00bbon|phone\u00a0\u00bb _builder_version=\u00a0\u00bb4.23.1&Prime; _module_preset=\u00a0\u00bbdefault\u00a0\u00bb background_color=\u00a0\u00bbRGBA(255,255,255,0)\u00a0\u00bb custom_padding=\u00a0\u00bb45px|||||\u00a0\u00bb custom_padding_tablet=\u00a0\u00bb20px||0px||false|false\u00a0\u00bb custom_padding_phone=\u00a0\u00bb15px||||false|false\u00a0\u00bb global_colors_info=\u00a0\u00bb{}\u00a0\u00bb][et_pb_column type=\u00a0\u00bb4_4&Prime; _builder_version=\u00a0\u00bb4.16&Prime; _module_preset=\u00a0\u00bbdefault\u00a0\u00bb global_colors_info=\u00a0\u00bb{}\u00a0\u00bb][et_pb_text _builder_version=\u00a0\u00bb4.23.4&Prime; _module_preset=\u00a0\u00bbdefault\u00a0\u00bb text_font=\u00a0\u00bb|700|||||||\u00a0\u00bb text_text_color=\u00a0\u00bb#FFFFFF\u00a0\u00bb background_layout=\u00a0\u00bbdark\u00a0\u00bb global_colors_info=\u00a0\u00bb{}\u00a0\u00bb]<\/p>\n<p style=\"text-align: center;\"><span class=\"TextRun SCXW18084411 BCX0\" lang=\"FR-CA\" xml:lang=\"FR-CA\" data-contrast=\"auto\"><span class=\"NormalTextRun SCXW18084411 BCX0\">Vous n&rsquo;avez pas eu de nouvelles concernant votre <\/span><span class=\"NormalTextRun SCXW18084411 BCX0\">demande de r\u00e9clamation<\/span><span class=\"NormalTextRun SCXW18084411 BCX0\">? Avez-vous re\u00e7u une lettre au sujet d&rsquo;informations manquantes? <\/span><\/span><span class=\"TextRun MacChromeBold SCXW18084411 BCX0\" lang=\"FR-CA\" xml:lang=\"FR-CA\" data-contrast=\"auto\"><strong><span class=\"NormalTextRun SCXW18084411 BCX0\">Les r\u00e9clamations <\/span><span class=\"NormalTextRun SCXW18084411 BCX0\">contenant <\/span><\/strong><span class=\"NormalTextRun SCXW18084411 BCX0\"><strong>des informations manquantes peuvent \u00eatre refus\u00e9es.<\/strong>\u00a0\u00a0<\/span><\/span><span class=\"EOP SCXW18084411 BCX0\" data-ccp-props=\"{}\">\u00a0<\/span><br \/>\nAppelez le <span style=\"color: #ffffff;\"><a style=\"color: #ffffff;\" title=\"call 1-877-877-5786\" href=\"tel:18778775786\">1-877-877-5786<\/a><\/span> <span class=\"NormalTextRun SCXW251969019 BCX0\">d\u00e8s aujourd&rsquo;hui pour v\u00e9rifier l&rsquo;\u00e9tat de votre <\/span><span class=\"NormalTextRun SCXW251969019 BCX0\">demande de <\/span><span class=\"NormalTextRun SCXW251969019 BCX0\">r\u00e9clamation et <\/span><span class=\"NormalTextRun SCXW251969019 BCX0\">en savoir plus.<\/span><\/p>\n<p>[\/et_pb_text][\/et_pb_column][\/et_pb_row][\/et_pb_section][et_pb_section fb_built=\u00a0\u00bb1&Prime; _builder_version=\u00a0\u00bb4.16&Prime; _module_preset=\u00a0\u00bbdefault\u00a0\u00bb global_colors_info=\u00a0\u00bb{}\u00a0\u00bb][et_pb_row _builder_version=\u00a0\u00bb4.16&Prime; background_size=\u00a0\u00bbinitial\u00a0\u00bb background_position=\u00a0\u00bbtop_left\u00a0\u00bb background_repeat=\u00a0\u00bbrepeat\u00a0\u00bb global_colors_info=\u00a0\u00bb{}\u00a0\u00bb][et_pb_column type=\u00a0\u00bb4_4&Prime; _builder_version=\u00a0\u00bb4.16&Prime; _module_preset=\u00a0\u00bbdefault\u00a0\u00bb global_colors_info=\u00a0\u00bb{}\u00a0\u00bb][et_pb_code _builder_version=\u00a0\u00bb4.16&Prime; _module_preset=\u00a0\u00bbdefault\u00a0\u00bb global_colors_info=\u00a0\u00bb{}\u00a0\u00bb]<pee>\t\t\t<!-- Flexy Breadcrumb -->\r\n\t\t\t<div class=\"fbc fbc-page\">\r\n\r\n\t\t\t\t<!-- Breadcrumb wrapper -->\r\n\t\t\t\t<div class=\"fbc-wrap\">\r\n\r\n\t\t\t\t\t<!-- Ordered list-->\r\n\t\t\t\t\t<ol class=\"fbc-items\" itemscope itemtype=\"https:\/\/schema.org\/BreadcrumbList\">\r\n\t\t\t\t\t\t            <li itemprop=\"itemListElement\" itemscope itemtype=\"https:\/\/schema.org\/ListItem\">\r\n                <span itemprop=\"name\">\r\n                    <!-- Home Link -->\r\n                    <a itemprop=\"item\" href=\"https:\/\/www.justicefordayscholars.com\/fr\/\">\r\n                    \r\n                                                    <i class=\"fa fa-home\" aria-hidden=\"true\"><\/i>Home                    <\/a>\r\n                <\/span>\r\n                <meta itemprop=\"position\" content=\"1\" \/><!-- Meta Position-->\r\n             <\/li><li><span class=\"fbc-separator\">><\/span><\/li><li class=\"active\" itemprop=\"itemListElement\" itemscope itemtype=\"https:\/\/schema.org\/ListItem\"><span itemprop=\"name\" title=\"Soutien et ressources\">Soutien et ressources<\/span><meta itemprop=\"position\" content=\"2\" \/><\/li>\t\t\t\t\t<\/ol>\r\n\t\t\t\t\t<div class=\"clearfix\"><\/div>\r\n\t\t\t\t<\/div>\r\n\t\t\t<\/div>\r\n\t\t\t<\/pee>[\/et_pb_code][et_pb_text _builder_version=\u00a0\u00bb4.23.4&Prime; _module_preset=\u00a0\u00bbdefault\u00a0\u00bb hover_enabled=\u00a0\u00bb0&Prime; global_colors_info=\u00a0\u00bb{}\u00a0\u00bb sticky_enabled=\u00a0\u00bb0&Prime;]<\/p>\n<h2 style=\"text-align: left;\"><strong>Acc\u00e9der au soutien en mati\u00e8re de mieux-\u00eatre<\/strong><\/h2>\n<h3 style=\"text-align: left;\"><strong>Ligne d\u2019\u00e9coute d\u2019espoir pour le mieux-\u00eatre<\/strong><\/h3>\n<p><span style=\"font-weight: 400;\">Des services de soutien affectif et de soutien en situation de crise sont offerts aux membres du groupe des survivants et descendants, 24\u202fheures sur 24, 7\u202fjours sur 7, par l\u2019entremise de la ligne d\u2019\u00e9coute t\u00e9l\u00e9phonique nationale de R\u00e9solution des questions des pensionnats indiens au <a href=\"tel:18669254419\">1-866-925-4419<\/a> et de la Ligne d\u2019\u00e9coute d\u2019espoir pour le mieux-\u00eatre au <a href=\"tel:18552423310\">1-855-242-3310<\/a>, ou par clavardage en ligne \u00e0 <\/span><a href=\"https:\/\/www.espoirpourlemieuxetre.ca\/\"><span style=\"font-weight: 400;\">https:\/\/www.espoirpourlemieuxetre.ca\/<\/span><\/a>.<\/p>\n<p><span style=\"font-weight: 400;\">Le soutien est offert en fran\u00e7ais, en anglais, en cri, en ojibway et en inuktitut, sur demande.<\/span><\/p>\n<h3>Ligne d\u2019\u00e9coute t\u00e9l\u00e9phonique nationale de R\u00e9solution des questions des pensionnats indiens.<\/h3>\n<p><span style=\"font-weight: 400;\">Communiquez avec la ligne d\u2019\u00e9coute t\u00e9l\u00e9phonique nationale de R\u00e9solution des questions des pensionnats indiens au 1-866-925-4419.<\/span><\/p>\n<h3>Autres ressources<\/h3>\n<p><span style=\"font-weight: 400;\">Vous pouvez \u00e9galement acc\u00e9der en permanence \u00e0 des <\/span><a href=\"https:\/\/drive.google.com\/file\/d\/1VHsXOrq1bgjmrFqKDjS4s3UlqxAbtFv5\/view?usp=sharing\"><span style=\"font-weight: 400;\">ressources en mati\u00e8re de sant\u00e9 mentale<\/span><\/a><span style=\"font-weight: 400;\"> dans votre r\u00e9gion<\/span>.<\/p>\n<h3>Parler \u00e0 l\u2019\u00e9quipe juridique<\/h3>\n<p>Les membres du groupe des survivants et descendants des \u00e9l\u00e8ves externes peuvent parler sans frais \u00e0 l\u2019avocat d\u00e9sign\u00e9 au sujet du recours collectif, du r\u00e8glement et de la proc\u00e9dure de demande d\u2019indemnisation.<\/p>\n<p>Les demandeurs, dont la demande d\u2019indemnisation a \u00e9t\u00e9 rejet\u00e9e pour des raisons autres que le fait que l\u2019\u00e9cole qu\u2019ils fr\u00e9quentaient n\u2019est pas un pensionnat indien \u00e9num\u00e9r\u00e9 \u00e0 l\u2019<a href=\"https:\/\/www.justicefordayscholars.com\/wp-content\/uploads\/Annexe-E.pdf\">annexe E<\/a>, ou parce que la demande d\u2019indemnisation est pr\u00e9sent\u00e9e au nom d\u2019une personne d\u00e9c\u00e9d\u00e9e au plus tard le 29\u202fmai\u202f2005, et qui demandent un r\u00e9examen devant l\u2019examinateur ind\u00e9pendant, peuvent choisir d\u2019\u00eatre repr\u00e9sent\u00e9s par les avocats des membres du recours collectif (avocats du recours collectif) sans frais.<\/p>\n<p>Veuillez noter que l\u2019avocat du recours collectif ne sera pas en mesure de vous informer de l\u2019\u00e9tat de votre demande d\u2019indemnisation. Si vous avez des questions au sujet de votre demande de r\u00e8glement, veuillez communiquer directement avec l\u2019administrateur des demandes d\u2019indemnisation (Deloitte) \u00e0 l\u2019adresse <a href=\"mailto:dayscholarsclaims@deloitte.ca\" target=\"_blank\" rel=\"noopener\">dayscholarsclaims@deloitte.ca<\/a> ou au <a href=\"tel:18778775786\">1-877-877-5786<\/a> (du lundi au vendredi, de 12\u202fh \u00e0 20\u202fh HNE) ou visitez le site <a href=\"https:\/\/www.classaction.deloitte.ca\/fr-CA\/Indian-Residential-Schools-Day-Scholars-Class-Action-Settlement\/\" target=\"_blank\" rel=\"noopener\">https:\/\/www.classaction.deloitte.ca\/fr-CA\/Indian-Residential-Schools-Day-Scholars-Class-Action-Settlement\/<\/a> pour obtenir de plus amples renseignements sur la proc\u00e9dure de demande d\u2019indemnisation.<\/p>\n<p>Si vous avez des questions au sujet du pr\u00e9sent accord de r\u00e8glement, d\u2019une demande d\u2019indemnisation rejet\u00e9e ou du recours collectif en g\u00e9n\u00e9ral, vous pouvez communiquer avec l\u2019avocat du recours collectif (les avocats des membres du recours collectif)\u202f:<\/p>\n<p>T\u00e9l\u00e9phone\u202f: <a href=\"tel:18882226845\">1-888-222-6845<\/a> (sans frais)<br \/>T\u00e9l\u00e9copieur\u202f: 416-477-1657<br \/>Courriel\u202f: <a href=\"mailto:dayscholars@waddellphillips.ca\" target=\"_blank\" rel=\"noopener\">dayscholars@waddellphillips.ca\u202f<\/a><\/p>\n<p>&nbsp;<\/p>\n<p>Adresse postale:<\/p>\n<p>Waddell Phillips Professional Corporation<br \/>\u00c0\u202f: Recours collectif relatif aux \u00e9l\u00e8ves externes36, rue Toronto, bureau\u202f1120<br \/>Toronto (Ontario)<br \/>M5C 2C5<\/p>\n<p>[\/et_pb_text][\/et_pb_column][\/et_pb_row][\/et_pb_section][et_pb_section fb_built=\u00a0\u00bb1&Prime; admin_label=\u00a0\u00bbSection\u00a0\u00bb _builder_version=\u00a0\u00bb4.16&Prime; _module_preset=\u00a0\u00bbdefault\u00a0\u00bb use_background_color_gradient=\u00a0\u00bbon\u00a0\u00bb background_color_gradient_type=\u00a0\u00bbcircular\u00a0\u00bb background_color_gradient_stops=\u00a0\u00bb#054d9b 34%|#03307b 100%\u00a0\u00bb background_color_gradient_start=\u00a0\u00bb#054d9b\u00a0\u00bb background_color_gradient_start_position=\u00a0\u00bb34%\u00a0\u00bb background_color_gradient_end=\u00a0\u00bb#03307b\u00a0\u00bb global_colors_info=\u00a0\u00bb{}\u00a0\u00bb][et_pb_row column_structure=\u00a0\u00bb1_2,1_2&Prime; _builder_version=\u00a0\u00bb4.16&Prime; _module_preset=\u00a0\u00bbdefault\u00a0\u00bb global_colors_info=\u00a0\u00bb{}\u00a0\u00bb][et_pb_column type=\u00a0\u00bb1_2&Prime; _builder_version=\u00a0\u00bb4.16&Prime; _module_preset=\u00a0\u00bbdefault\u00a0\u00bb global_colors_info=\u00a0\u00bb{}\u00a0\u00bb][et_pb_code _builder_version=\u00a0\u00bb4.16&Prime; _module_preset=\u00a0\u00bbdefault\u00a0\u00bb background_color=\u00a0\u00bbRGBA(0,0,0,0)\u00a0\u00bb border_radii=\u00a0\u00bbon|10px|10px|10px|10px\u00a0\u00bb global_colors_info=\u00a0\u00bb{}\u00a0\u00bb background__hover_enabled=\u00a0\u00bbon|hover\u00a0\u00bb background_color__hover=\u00a0\u00bbrgba(37,37,37,0.22)\u00a0\u00bb background_enable_color__hover=\u00a0\u00bbon\u00a0\u00bb]<pee><a class=\"no-text-deco\" href=\"https:\/\/www.justicefordayscholars.com\/fr\/foire-aux-questions\/\"><!-- [et_pb_line_break_holder] --><\/a><\/pee><!-- [et_pb_line_break_holder] --><\/p>\n<div class=\"d-flex flex-column flex-md-row align-items-center footer-info-box\"><!-- [et_pb_line_break_holder] --><!-- [et_pb_line_break_holder] --><\/p>\n<div class=\"info-icon-wrap\"><img src=\"https:\/\/www.justicefordayscholars.com\/wp-content\/uploads\/\/2021\/09\/icon-faq.svg\" \/><\/div>\n<p><!-- [et_pb_line_break_holder] --><!-- [et_pb_line_break_holder] --><!-- [et_pb_line_break_holder] --><\/p>\n<div class=\"info-text-wrap\"><!-- [et_pb_line_break_holder] --><!-- [et_pb_line_break_holder] --><\/p>\n<h4><span style=\"font-weight: 400;\">Trouvez des r\u00e9ponses ou posez une question<\/span><!\u2013- [et_pb_br_holder] -\u2013><!-- [et_pb_line_break_holder] --><\/h4>\n<p><!-- [et_pb_line_break_holder] --><!-- [et_pb_line_break_holder] --><!-- [et_pb_line_break_holder] --><pee><b>Foire aux questions (FAQ)<\/b><\/pee><!-- [et_pb_line_break_holder] --><pee><!\u2013- [et_pb_br_holder] -\u2013><!-- [et_pb_line_break_holder] --><\/pee><!-- [et_pb_line_break_holder] --><!-- [et_pb_line_break_holder] --><\/div>\n<p><!-- [et_pb_line_break_holder] --><!-- [et_pb_line_break_holder] --><\/div>\n<p><!-- [et_pb_line_break_holder] --><pee><a class=\"no-text-deco\" href=\"https:\/\/www.justicefordayscholars.com\/fr\/foire-aux-questions\/\"><!-- [et_pb_line_break_holder] --> <\/a><\/pee>[\/et_pb_code][\/et_pb_column][et_pb_column type=\u00a0\u00bb1_2&Prime; _builder_version=\u00a0\u00bb4.16&Prime; _module_preset=\u00a0\u00bbdefault\u00a0\u00bb global_colors_info=\u00a0\u00bb{}\u00a0\u00bb][\/et_pb_column][\/et_pb_row][\/et_pb_section]<\/p>\n","protected":false},"excerpt":{"rendered":"<p>Vous n&rsquo;avez pas eu de nouvelles concernant votre demande de r\u00e9clamation? Avez-vous re\u00e7u une lettre au sujet d&rsquo;informations manquantes? Les r\u00e9clamations contenant des informations manquantes peuvent \u00eatre refus\u00e9es.\u00a0\u00a0\u00a0 Appelez le 1-877-877-5786 d\u00e8s aujourd&rsquo;hui pour v\u00e9rifier l&rsquo;\u00e9tat de votre demande de r\u00e9clamation et en savoir plus.\t\t\t<!-- Flexy Breadcrumb -->\r\n\t\t\t<div class=\"fbc fbc-page\">\r\n\r\n\t\t\t\t<!-- Breadcrumb wrapper -->\r\n\t\t\t\t<div class=\"fbc-wrap\">\r\n\r\n\t\t\t\t\t<!-- Ordered list-->\r\n\t\t\t\t\t<ol class=\"fbc-items\" itemscope itemtype=\"https:\/\/schema.org\/BreadcrumbList\">\r\n\t\t\t\t\t\t            <li itemprop=\"itemListElement\" itemscope itemtype=\"https:\/\/schema.org\/ListItem\">\r\n                <span itemprop=\"name\">\r\n                    <!-- Home Link -->\r\n                    <a itemprop=\"item\" href=\"https:\/\/www.justicefordayscholars.com\/fr\/\">\r\n                    \r\n                                                    <i class=\"fa fa-home\" aria-hidden=\"true\"><\/i>Home                    <\/a>\r\n                <\/span>\r\n                <meta itemprop=\"position\" content=\"1\" \/><!-- Meta Position-->\r\n             <\/li><li><span class=\"fbc-separator\">><\/span><\/li><li class=\"active\" itemprop=\"itemListElement\" itemscope itemtype=\"https:\/\/schema.org\/ListItem\"><span itemprop=\"name\" title=\"Soutien et ressources\">Soutien et ressources<\/span><meta itemprop=\"position\" content=\"2\" \/><\/li>\t\t\t\t\t<\/ol>\r\n\t\t\t\t\t<div class=\"clearfix\"><\/div>\r\n\t\t\t\t<\/div>\r\n\t\t\t<\/div>\r\n\t\t\tAcc\u00e9der au soutien en mati\u00e8re de mieux-\u00eatre Ligne d\u2019\u00e9coute d\u2019espoir pour [&hellip;]<\/p>\n","protected":false},"author":3,"featured_media":2119,"parent":0,"menu_order":0,"comment_status":"closed","ping_status":"closed","template":"","meta":{"_et_pb_use_builder":"on","_et_pb_old_content":"","_et_gb_content_width":"","inline_featured_image":false},"acf":[],"_links":{"self":[{"href":"https:\/\/www.justicefordayscholars.com\/fr\/wp-json\/wp\/v2\/pages\/3478"}],"collection":[{"href":"https:\/\/www.justicefordayscholars.com\/fr\/wp-json\/wp\/v2\/pages"}],"about":[{"href":"https:\/\/www.justicefordayscholars.com\/fr\/wp-json\/wp\/v2\/types\/page"}],"author":[{"embeddable":true,"href":"https:\/\/www.justicefordayscholars.com\/fr\/wp-json\/wp\/v2\/users\/3"}],"replies":[{"embeddable":true,"href":"https:\/\/www.justicefordayscholars.com\/fr\/wp-json\/wp\/v2\/comments?post=3478"}],"version-history":[{"count":4,"href":"https:\/\/www.justicefordayscholars.com\/fr\/wp-json\/wp\/v2\/pages\/3478\/revisions"}],"predecessor-version":[{"id":5565,"href":"https:\/\/www.justicefordayscholars.com\/fr\/wp-json\/wp\/v2\/pages\/3478\/revisions\/5565"}],"wp:featuredmedia":[{"embeddable":true,"href":"https:\/\/www.justicefordayscholars.com\/fr\/wp-json\/wp\/v2\/media\/2119"}],"wp:attachment":[{"href":"https:\/\/www.justicefordayscholars.com\/fr\/wp-json\/wp\/v2\/media?parent=3478"}],"curies":[{"name":"wp","href":"https:\/\/api.w.org\/{rel}","templated":true}]}}