{"id":1419,"date":"2021-08-10T15:01:28","date_gmt":"2021-08-10T15:01:28","guid":{"rendered":"https:\/\/www.justicefordayscholars.com\/?page_id=1419"},"modified":"2024-12-02T23:28:16","modified_gmt":"2024-12-02T23:28:16","slug":"documents","status":"publish","type":"page","link":"https:\/\/www.justicefordayscholars.com\/fr\/documents\/","title":{"rendered":"Documents"},"content":{"rendered":"<p>[et_pb_section fb_built=\u00a0\u00bb1&Prime; custom_padding_last_edited=\u00a0\u00bbon|desktop\u00a0\u00bb admin_label=\u00a0\u00bbClaims status banner\u00a0\u00bb module_id=\u00a0\u00bbclass\u00a0\u00bb _builder_version=\u00a0\u00bb4.23.1&Prime; background_color=\u00a0\u00bb#0C71C3&Prime; custom_padding=\u00a0\u00bb0px||0px||false|false\u00a0\u00bb custom_padding_tablet=\u00a0\u00bb0px|0|0px|0|false|false\u00a0\u00bb custom_padding_phone=\u00a0\u00bb\u00a0\u00bb sticky_position=\u00a0\u00bbtop\u00a0\u00bb transparent_background=\u00a0\u00bboff\u00a0\u00bb saved_tabs=\u00a0\u00bball\u00a0\u00bb locked=\u00a0\u00bboff\u00a0\u00bb global_colors_info=\u00a0\u00bb{}\u00a0\u00bb][et_pb_row custom_padding_last_edited=\u00a0\u00bbon|phone\u00a0\u00bb _builder_version=\u00a0\u00bb4.23.1&Prime; _module_preset=\u00a0\u00bbdefault\u00a0\u00bb background_color=\u00a0\u00bbRGBA(255,255,255,0)\u00a0\u00bb custom_padding=\u00a0\u00bb45px||0px|||\u00a0\u00bb custom_padding_tablet=\u00a0\u00bb20px||||false|false\u00a0\u00bb custom_padding_phone=\u00a0\u00bb20px||||false|false\u00a0\u00bb global_colors_info=\u00a0\u00bb{}\u00a0\u00bb][et_pb_column type=\u00a0\u00bb4_4&Prime; _builder_version=\u00a0\u00bb4.16&Prime; _module_preset=\u00a0\u00bbdefault\u00a0\u00bb global_colors_info=\u00a0\u00bb{}\u00a0\u00bb][et_pb_text _builder_version=\u00a0\u00bb4.23.4&Prime; _module_preset=\u00a0\u00bbdefault\u00a0\u00bb text_font=\u00a0\u00bb|700|||||||\u00a0\u00bb text_text_color=\u00a0\u00bb#FFFFFF\u00a0\u00bb background_layout=\u00a0\u00bbdark\u00a0\u00bb custom_margin=\u00a0\u00bb||-11px|||\u00a0\u00bb custom_padding=\u00a0\u00bb||40px|||\u00a0\u00bb hover_enabled=\u00a0\u00bb0&Prime; global_colors_info=\u00a0\u00bb{}\u00a0\u00bb sticky_enabled=\u00a0\u00bb0&Prime;]<\/p>\n<p style=\"text-align: center;\"><span class=\"TextRun SCXW18084411 BCX0\" lang=\"FR-CA\" xml:lang=\"FR-CA\" data-contrast=\"auto\"><span class=\"NormalTextRun SCXW18084411 BCX0\">Vous n&rsquo;avez pas eu de nouvelles concernant votre <\/span><span class=\"NormalTextRun SCXW18084411 BCX0\">demande de r\u00e9clamation<\/span><span class=\"NormalTextRun SCXW18084411 BCX0\">? Avez-vous re\u00e7u une lettre au sujet d&rsquo;informations manquantes? <\/span><\/span><span class=\"TextRun MacChromeBold SCXW18084411 BCX0\" lang=\"FR-CA\" xml:lang=\"FR-CA\" data-contrast=\"auto\"><strong><span class=\"NormalTextRun SCXW18084411 BCX0\">Les r\u00e9clamations <\/span><span class=\"NormalTextRun SCXW18084411 BCX0\">contenant <\/span><\/strong><span class=\"NormalTextRun SCXW18084411 BCX0\"><strong>des informations manquantes peuvent \u00eatre refus\u00e9es.<\/strong>\u00a0\u00a0<\/span><\/span><span class=\"EOP SCXW18084411 BCX0\" data-ccp-props=\"{}\">\u00a0<\/span><br \/>\nAppelez le <span style=\"color: #ffffff;\"><a style=\"color: #ffffff;\" title=\"call 1-877-877-5786\" href=\"tel:18778775786\">1-877-877-5786<\/a><\/span> <span class=\"NormalTextRun SCXW251969019 BCX0\">d\u00e8s aujourd&rsquo;hui pour v\u00e9rifier l&rsquo;\u00e9tat de votre <\/span><span class=\"NormalTextRun SCXW251969019 BCX0\">demande de <\/span><span class=\"NormalTextRun SCXW251969019 BCX0\">r\u00e9clamation et <\/span><span class=\"NormalTextRun SCXW251969019 BCX0\">en savoir plus.<\/span><\/p>\n<p>[\/et_pb_text][\/et_pb_column][\/et_pb_row][\/et_pb_section][et_pb_section fb_built=\u00a0\u00bb1&Prime; _builder_version=\u00a0\u00bb4.16&Prime; _module_preset=\u00a0\u00bbdefault\u00a0\u00bb global_colors_info=\u00a0\u00bb{}\u00a0\u00bb][et_pb_row _builder_version=\u00a0\u00bb4.23.1&Prime; background_size=\u00a0\u00bbinitial\u00a0\u00bb background_position=\u00a0\u00bbtop_left\u00a0\u00bb background_repeat=\u00a0\u00bbrepeat\u00a0\u00bb global_colors_info=\u00a0\u00bb{}\u00a0\u00bb][et_pb_column type=\u00a0\u00bb4_4&Prime; _builder_version=\u00a0\u00bb4.16&Prime; _module_preset=\u00a0\u00bbdefault\u00a0\u00bb global_colors_info=\u00a0\u00bb{}\u00a0\u00bb][et_pb_code _builder_version=\u00a0\u00bb4.16&Prime; _module_preset=\u00a0\u00bbdefault\u00a0\u00bb global_colors_info=\u00a0\u00bb{}\u00a0\u00bb]<pee>\t\t\t<!-- Flexy Breadcrumb -->\r\n\t\t\t<div class=\"fbc fbc-page\">\r\n\r\n\t\t\t\t<!-- Breadcrumb wrapper -->\r\n\t\t\t\t<div class=\"fbc-wrap\">\r\n\r\n\t\t\t\t\t<!-- Ordered list-->\r\n\t\t\t\t\t<ol class=\"fbc-items\" itemscope itemtype=\"https:\/\/schema.org\/BreadcrumbList\">\r\n\t\t\t\t\t\t            <li itemprop=\"itemListElement\" itemscope itemtype=\"https:\/\/schema.org\/ListItem\">\r\n                <span itemprop=\"name\">\r\n                    <!-- Home Link -->\r\n                    <a itemprop=\"item\" href=\"https:\/\/www.justicefordayscholars.com\/fr\/\">\r\n                    \r\n                                                    <i class=\"fa fa-home\" aria-hidden=\"true\"><\/i>Home                    <\/a>\r\n                <\/span>\r\n                <meta itemprop=\"position\" content=\"1\" \/><!-- Meta Position-->\r\n             <\/li><li><span class=\"fbc-separator\">><\/span><\/li><li class=\"active\" itemprop=\"itemListElement\" itemscope itemtype=\"https:\/\/schema.org\/ListItem\"><span itemprop=\"name\" title=\"Documents\">Documents<\/span><meta itemprop=\"position\" content=\"2\" \/><\/li>\t\t\t\t\t<\/ol>\r\n\t\t\t\t\t<div class=\"clearfix\"><\/div>\r\n\t\t\t\t<\/div>\r\n\t\t\t<\/div>\r\n\t\t\t<\/pee>[\/et_pb_code][et_pb_text _builder_version=\u00a0\u00bb4.23.1&Prime; _module_preset=\u00a0\u00bbdefault\u00a0\u00bb global_colors_info=\u00a0\u00bb{}\u00a0\u00bb]<\/p>\n<p>Il s\u2019agit d\u2019un d\u00e9p\u00f4t de documents juridiques importants sur le r\u00e8glement. Les documents sont disponibles dans plusieurs langues. Vous pouvez parcourir les documents de la liste ci-dessous.<\/p>\n<h3>Documents cl\u00e9s<\/h3>\n<h4>Avis d\u00e9taill\u00e9<\/h4>\n<ul>\n<li><a href=\"https:\/\/www.justicefordayscholars.com\/wp-content\/uploads\/2021\/08\/Long-Form-Notice-2022.pdf\">Notice of Settlement Approval and Claims Process (Long-Form)<\/a> \u2013 <strong>Anglais<\/strong><\/li>\n<li><a href=\"https:\/\/www.justicefordayscholars.com\/wp-content\/uploads\/2022\/01\/FR-A4-Long-Form-Notice.pdf\">Avis d\u00e9taill\u00e9<\/a> &#8211; <strong>Fran\u00e7ais<\/strong><\/li>\n<li><a href=\"https:\/\/www.justicefordayscholars.com\/wp-content\/uploads\/2021\/06\/Long-Form-Notice_Dene.pdf\">\u00cbr\u0131ht\u0142\u2019\u0131s -n\u00ebnedh yat\u0131 n\u0131t\u2019a\u0328<\/a> &#8211; <strong>Dene<\/strong><\/li>\n<li><span class=\"dlp-category\"><span class=\"dlp-folder-label\"><span class=\"dlp-category-name\"><a href=\"https:\/\/www.justicefordayscholars.com\/wp-content\/uploads\/2021\/06\/Long-Form-Notice_Mikmaq.pdf\">Pitaqowey Wi\u2019katikn<\/a> &#8211; <strong>L\u2019nuiktuk<\/strong><\/span><\/span><\/span><\/li>\n<li><span class=\"dlp-category\"><span class=\"dlp-folder-label\"><span class=\"dlp-category-name\"><a href=\"https:\/\/www.justicefordayscholars.com\/wp-content\/uploads\/2021\/06\/Long-Form-Notice_Ojibway.pdf\">Geno-biigaadeg wiindamaagewin<\/a> &#8211; <strong>Ojibwe<\/strong><\/span><\/span><\/span><\/li>\n<li><span class=\"dlp-category\"><span class=\"dlp-folder-label\"><span class=\"dlp-category-name\"><a href=\"https:\/\/www.justicefordayscholars.com\/wp-content\/uploads\/2021\/06\/Long-Form-Notice_Plains-Cree.pdf\">Kinw\u00e2p\u00eakan masinahikan w\u00eehtam\u00e2k\u00eawin<\/a> &#8211; <strong>Paskw\u00e2win\u00eemowin<\/strong><\/span><\/span><\/span><\/li>\n<li><span class=\"dlp-category\"><span class=\"dlp-folder-label\"><span class=\"dlp-category-name\"><a href=\"https:\/\/www.justicefordayscholars.com\/wp-content\/uploads\/2021\/06\/Long-Form-Notice_Inuktitut.pdf\">\u140a\u1455\u158f\u1585\u1450\u14c2\u1483 \u1403\u14d7\u14d5\u1583\u1585\u1450\u1585 \u1450\u14f4\u1585\u144e\u1466\u14ef\u148d\u1466<\/a> <strong>&#8211; \u1403\u14c4\u1483\u144e\u1450\u1466<\/strong><\/span><\/span><\/span><\/li>\n<li><span class=\"dlp-category\"><span class=\"dlp-folder-label\"><span class=\"dlp-category-name\"><a href=\"https:\/\/www.justicefordayscholars.com\/wp-content\/uploads\/2021\/06\/Long-Form-Notice_James-Bay-Cree.pdf\">\u1473 \u148b\u1427\u14c8\u1439\u146d\u1426\u14a1 \u1427\u1404\u1426\u144e\u14ab\u1491\u1427\u1403\u14d0<\/a> &#8211;<strong> \u1489\u1403\u14a5\u1505 \u142f\u1403\u1426 \u1404\u1528\u1528\u1405\u14a1<\/strong><\/span><\/span><\/span><\/li>\n<\/ul>\n<h4>Avis abr\u00e9g\u00e9<\/h4>\n<ul>\n<li><a href=\"https:\/\/www.justicefordayscholars.com\/wp-content\/uploads\/2021\/08\/Short-Form-Notice-EN.pdf\">Notice of Settlement Approval and Claims Process (Short-Form)<\/a> &#8211;<strong> Anglais<\/strong><\/li>\n<li><a href=\"https:\/\/www.justicefordayscholars.com\/wp-content\/uploads\/2022\/01\/FR-A2-Short-Form-Notice.pdf\">Avis abr\u00e9g\u00e9<\/a> &#8211; <strong>Fran\u00e7ais<\/strong><\/li>\n<li><a href=\"https:\/\/www.justicefordayscholars.com\/wp-content\/uploads\/2021\/06\/Short-Form-Notice_Dene.pdf\">\u00cbr\u0131ht\u0142\u2019\u0131s -n\u00ebduaz\u00eb yat\u0131 n\u0131t\u2019a\u0328<\/a> &#8211; <strong>Dene<\/strong><\/li>\n<li><a href=\"https:\/\/www.justicefordayscholars.com\/wp-content\/uploads\/2021\/06\/Short-Form-Notice_Mikmaq.pdf\">Mu meski\u2019knuk wi\u2019katikn<\/a> &#8211; <strong><span class=\"dlp-category\"><span class=\"dlp-folder-label\"><span class=\"dlp-category-name\">L\u2019nuiktuk<\/span><\/span><\/span><\/strong><\/li>\n<li><a href=\"https:\/\/www.justicefordayscholars.com\/wp-content\/uploads\/2021\/06\/Short-Form-Notice_Ojibway.pdf\">Deko biigaadeg wiindamaagewin<\/a> &#8211; <strong><span class=\"dlp-category\"><span class=\"dlp-folder-label\"><span class=\"dlp-category-name\">Ojibwe<\/span><\/span><\/span><\/strong><\/li>\n<li><a href=\"https:\/\/www.justicefordayscholars.com\/wp-content\/uploads\/2021\/06\/Short-Form-Notice_Plains-Cree.pdf\">Apihci masinahikan w\u00eehtam\u00e2k\u00eawin<\/a> &#8211; <strong><span class=\"dlp-category\"><span class=\"dlp-folder-label\"><span class=\"dlp-category-name\">Paskw\u00e2win\u00eemowin<\/span><\/span><\/span><\/strong><\/li>\n<li><a href=\"https:\/\/www.justicefordayscholars.com\/wp-content\/uploads\/2021\/06\/Short-Form-Notice_Inuktitut.pdf\">\u14c7\u1403\u14ea\u14d5\u144e\u1585\u14ef\u14aa\u152a\u1585 \u1450\u14f4\u1585\u144e\u1466\u14ef\u148d\u1466<\/a> &#8211;<strong> <span class=\"dlp-category\"><span class=\"dlp-folder-label\"><span class=\"dlp-category-name\">\u1403\u14c4\u1483\u144e\u1450\u1466<\/span><\/span><\/span><\/strong><\/li>\n<li><span class=\"dlp-category\"><span class=\"dlp-folder-label\"><span class=\"dlp-category-name\"><a href=\"https:\/\/www.justicefordayscholars.com\/wp-content\/uploads\/2021\/06\/Short-Form-Notice_James-Bay-Cree.pdf\">\u1473\u144e\u1426\u1427\u1473\u1511\u14a1 \u1427\u1404\u1426\u144e\u14ab\u1491\u1427\u1403\u14d0<\/a> &#8211; <strong>\u1489\u1403\u14a5\u1505 \u142f\u1403\u1426 \u1404\u1528\u1528\u1405\u14a1<\/strong><\/span><\/span><\/span><\/li>\n<\/ul>\n<h4>Approbation de R\u00e8glement<\/h4>\n<ul>\n<li><a href=\"https:\/\/www.justicefordayscholars.com\/wp-content\/uploads\/2021\/06\/Gottfriedson-Settlement-Agreement-FINAL-Signatures-Added.pdf\">Day Scholar Settlement Agreement<\/a> &#8211; Survivor and Descendant Class &#8211; <strong>Anglais<\/strong><\/li>\n<li><a href=\"https:\/\/www.justicefordayscholars.com\/wp-content\/uploads\/2022\/01\/FR-Settlement-Agreement-FINAL.pdf\">Approbation de R\u00e8glement<\/a> &#8211; <strong>Fran\u00e7ais<\/strong><\/li>\n<\/ul>\n<h4>Annexe A<\/h4>\n<ul>\n<li><a href=\"https:\/\/www.justicefordayscholars.com\/wp-content\/uploads\/2021\/06\/Gottfriedson-Settlement-Agreement-FINAL-Signatures-Added.pdf\">Schedule A<\/a> \u2013 Plaintiffs\u2019 First Re-Amended Statement of Claim &#8211; <strong>Anglais<\/strong><\/li>\n<li><a href=\"https:\/\/www.justicefordayscholars.com\/wp-content\/uploads\/2022\/01\/FR-Schedule-A-DAY-SCHOLARS-FIRST-RE-AMENDED-Statement-of-Claim-with-corrections-based-on-the-Order-for-filing.pdf\">Annexe A<\/a> &#8211; Recours collectif Formulaire &#8211; <strong>Fran\u00e7ais<\/strong><\/li>\n<\/ul>\n<h4>Annexe B<\/h4>\n<ul>\n<li><a href=\"https:\/\/www.justicefordayscholars.com\/wp-content\/uploads\/2021\/08\/Schedule-B-Order-Re-Day-Scholar-Certification-EN.pdf\">Schedule B<\/a> \u2013 Certification order &#8211; <strong>Anglais<\/strong><\/li>\n<li><a href=\"https:\/\/www.justicefordayscholars.com\/wp-content\/uploads\/2022\/01\/FR-Schedule-B-2015-06-18-Order-re-Day-Scholar-Certification..pdf\">Annexe B<\/a> &#8211; Proposition de recours collectif &#8211; <strong>Fran\u00e7ais<\/strong><\/li>\n<\/ul>\n<h4>Annexe C<\/h4>\n<ul>\n<li><a href=\"https:\/\/www.justicefordayscholars.com\/wp-content\/uploads\/2021\/08\/Schedule-C-Claims-Process-EN.pdf\">Schedule C<\/a> \u2013 Claims Process &#8211; <strong>Anglais<\/strong><\/li>\n<li><a href=\"https:\/\/www.justicefordayscholars.com\/wp-content\/uploads\/2022\/01\/FR-Schedule-C-Claims-Process-FINAL.pdf\">Annexe C<\/a> &#8211; Processus de r\u00e9clamations relatif au paiement des indemnit\u00e9s &#8211; <strong>Fran\u00e7ais<\/strong><\/li>\n<\/ul>\n<h4>Annexe D<\/h4>\n<ul>\n<li><a href=\"https:\/\/www.justicefordayscholars.com\/wp-content\/uploads\/2021\/08\/Schedule-D-Estate-Claim-Process-EN.pdf\">Schedule D<\/a> \u2013 Estate Claims Process &#8211; <strong>Anglais<\/strong><\/li>\n<li><a href=\"https:\/\/www.justicefordayscholars.com\/wp-content\/uploads\/2022\/01\/FR-Schedule-D-Estate-Claim-Process-FINAL.pdf\">Annexe D<\/a> &#8211; Processus de r\u00e9clamations successorales relatif au paiement Des indemnit\u00e9s li\u00e9es \u00e0 la fr\u00e9quentation d\u2019externat &#8211; <strong>Fran\u00e7ais<\/strong><\/li>\n<\/ul>\n<h4>Annexe E<\/h4>\n<ul>\n<li><a href=\"https:\/\/www.justicefordayscholars.com\/wp-content\/uploads\/2021\/08\/Schedule-E-Schools-Lists-EN.pdf\">Schedule E<\/a> \u2013 Lists of Indian Residential Schools for Claims Process &#8211; <strong>Anglais<\/strong><\/li>\n<li><a href=\"https:\/\/www.justicefordayscholars.com\/wp-content\/uploads\/2022\/01\/FR-Schedule-E-Schools-Lists-FINAL.pdf\">Annexe E<\/a> &#8211; Liste des pensionnats indiens concern\u00e9s par le processus r\u00e9clamation &#8211; <strong>Fran\u00e7ais<\/strong><\/li>\n<\/ul>\n<h4>Annexe F<\/h4>\n<ul>\n<li><a href=\"https:\/\/www.justicefordayscholars.com\/wp-content\/uploads\/2021\/08\/Schedule-F-Revitalization-Society-Plan-EN.pdf\">Schedule F<\/a> \u2013 Day Scholars Revitalization Society Plan &#8211; <strong>Anglais<\/strong><strong>\u00a0<\/strong><\/li>\n<li><a href=\"https:\/\/www.justicefordayscholars.com\/wp-content\/uploads\/2022\/01\/FR-Schedule-F-Revitalization-Society-Plan-FINAL.pdf\">Annexe F<\/a> &#8211; Plan de la soci\u00e9t\u00e9 de revitalisation pour les \u00e9l\u00e8ves externes &#8211; <strong>Fran\u00e7ais<\/strong><\/li>\n<\/ul>\n<h4>Annexe G &#8211; Ordonnance<\/h4>\n<ul>\n<li><a href=\"https:\/\/www.justicefordayscholars.com\/wp-content\/uploads\/2021\/08\/Schedule-G-Amended-Certification-Order-EN.pdf\">Schedule G<\/a> \u2013 Amended Certification Order (Band Class) &#8211; <strong>Anglais<\/strong><strong>\u00a0<\/strong><\/li>\n<li><strong>\u00a0<\/strong><a href=\"https:\/\/jfds2.base2.ca\/resources\/documents\/?preview_id=1418&amp;preview_nonce=d75817ff91&amp;_thumbnail_id=-1&amp;preview=true\">Annexe G &#8211; Ordonnance<\/a> &#8211; <strong>Fran\u00e7ais<\/strong><\/li>\n<\/ul>\n<h4>Annexe H<\/h4>\n<ul>\n<li><a href=\"https:\/\/www.justicefordayscholars.com\/wp-content\/uploads\/2021\/08\/Schedule-H-Amended-SOC-Band-Class-EN.pdf\">Schedule H<\/a> \u2013 Amended Statement of Claim (Band Class) &#8211; <strong>Anglais<\/strong><strong>\u00a0<\/strong><\/li>\n<li><a href=\"https:\/\/www.justicefordayscholars.com\/wp-content\/uploads\/2022\/01\/FR-Schedule-H-Amended-SOC-Band-Class-FINAL.pdf\">Annexe H<\/a> &#8211; SOC modifi\u00e9 (classe de bande) &#8211; <strong>Fran\u00e7ais<\/strong><\/li>\n<\/ul>\n<h4>Cour f\u00e9d\u00e9rale Recours collectif<\/h4>\n<ul>\n<li><a href=\"https:\/\/www.justicefordayscholars.com\/wp-content\/uploads\/2021\/12\/Order-and-Reasons-for-Settlement-Approval.pdf\">Settlement Approval Order and Reasons<\/a> &#8211; <strong>Anglais<\/strong><strong>\u00a0<\/strong><\/li>\n<li><a href=\"https:\/\/www.justicefordayscholars.com\/wp-content\/uploads\/2021\/12\/Ordonnance-et-motifs-de-lapprobation-du-reglement.pdf\">Cour f\u00e9d\u00e9rale Recours collectif<\/a> &#8211; <strong>Fran\u00e7ais<\/strong><\/li>\n<\/ul>\n<p><strong>Pour des documents juridiques suppl\u00e9mentaires, contactez les avocats du groupe au :<br \/><\/strong><strong>W. Cory Wanless <\/strong>(il\/elle) Partenaire<br \/><strong>Courriel: <\/strong><a href=\"mailto:cory@waddellphillips.ca\">cory@waddellphillips.ca<\/a><br \/><strong>Adresse:<\/strong> 36 Toronto Street, Suite 1120, Toronto, ON \u00a0M5C 2C5<br \/><strong>T\u00e9l\u00a0:<\/strong> <a href=\"tel:6472614486\">(647) 261-4486<\/a><strong><br \/>Direct:<\/strong> (647) 874-2555<\/p>\n<p>[\/et_pb_text][\/et_pb_column][\/et_pb_row][\/et_pb_section][et_pb_section fb_built=\u00a0\u00bb1&Prime; admin_label=\u00a0\u00bbSection\u00a0\u00bb _builder_version=\u00a0\u00bb4.16&Prime; _module_preset=\u00a0\u00bbdefault\u00a0\u00bb use_background_color_gradient=\u00a0\u00bbon\u00a0\u00bb background_color_gradient_type=\u00a0\u00bbcircular\u00a0\u00bb background_color_gradient_stops=\u00a0\u00bb#054d9b 34%|#03307b 100%\u00a0\u00bb background_color_gradient_start=\u00a0\u00bb#054d9b\u00a0\u00bb background_color_gradient_start_position=\u00a0\u00bb34%\u00a0\u00bb background_color_gradient_end=\u00a0\u00bb#03307b\u00a0\u00bb global_colors_info=\u00a0\u00bb{}\u00a0\u00bb][et_pb_row _builder_version=\u00a0\u00bb4.23.4&Prime; _module_preset=\u00a0\u00bbdefault\u00a0\u00bb global_colors_info=\u00a0\u00bb{}\u00a0\u00bb][et_pb_column type=\u00a0\u00bb4_4&Prime; _builder_version=\u00a0\u00bb4.16&Prime; _module_preset=\u00a0\u00bbdefault\u00a0\u00bb global_colors_info=\u00a0\u00bb{}\u00a0\u00bb][et_pb_code _builder_version=\u00a0\u00bb4.23.4&Prime; _module_preset=\u00a0\u00bbdefault\u00a0\u00bb background_color=\u00a0\u00bbRGBA(0,0,0,0)\u00a0\u00bb border_radii=\u00a0\u00bbon|10px|10px|10px|10px\u00a0\u00bb global_colors_info=\u00a0\u00bb{}\u00a0\u00bb background__hover_enabled=\u00a0\u00bbon|hover\u00a0\u00bb background_color__hover=\u00a0\u00bbrgba(37,37,37,0.22)\u00a0\u00bb background_enable_color__hover=\u00a0\u00bbon\u00a0\u00bb]<a href=\"https:\/\/www.justicefordayscholars.com\/fr\/foire-aux-questions\/\" class=\"no-text-deco\"><!-- [et_pb_line_break_holder] --><\/p>\n<div class=\"d-flex flex-column flex-md-row align-items-center footer-info-box\"><!-- [et_pb_line_break_holder] -->  <\/p>\n<div class=\"info-icon-wrap\"><img src=\"https:\/\/www.justicefordayscholars.com\/wp-content\/uploads\/\/2021\/09\/icon-faq.svg\"><\/div>\n<p><!-- [et_pb_line_break_holder] -->  <\/p>\n<div class=\"info-text-wrap\"><!-- [et_pb_line_break_holder] -->  <\/p>\n<h4><!-- [et_pb_line_break_holder] -->Questions sur le r\u00e8glement?    <\/h4>\n<p><!-- [et_pb_line_break_holder] --><!-- [et_pb_line_break_holder] -->  <\/div>\n<p><!-- [et_pb_line_break_holder] --><\/div>\n<p><!-- [et_pb_line_break_holder] -->  <\/a>[\/et_pb_code][\/et_pb_column][\/et_pb_row][\/et_pb_section]<\/p>\n","protected":false},"excerpt":{"rendered":"<p>Vous n&rsquo;avez pas eu de nouvelles concernant votre demande de r\u00e9clamation? Avez-vous re\u00e7u une lettre au sujet d&rsquo;informations manquantes? Les r\u00e9clamations contenant des informations manquantes peuvent \u00eatre refus\u00e9es.\u00a0\u00a0\u00a0 Appelez le 1-877-877-5786 d\u00e8s aujourd&rsquo;hui pour v\u00e9rifier l&rsquo;\u00e9tat de votre demande de r\u00e9clamation et en savoir plus.\t\t\t<!-- Flexy Breadcrumb -->\r\n\t\t\t<div class=\"fbc fbc-page\">\r\n\r\n\t\t\t\t<!-- Breadcrumb wrapper -->\r\n\t\t\t\t<div class=\"fbc-wrap\">\r\n\r\n\t\t\t\t\t<!-- Ordered list-->\r\n\t\t\t\t\t<ol class=\"fbc-items\" itemscope itemtype=\"https:\/\/schema.org\/BreadcrumbList\">\r\n\t\t\t\t\t\t            <li itemprop=\"itemListElement\" itemscope itemtype=\"https:\/\/schema.org\/ListItem\">\r\n                <span itemprop=\"name\">\r\n                    <!-- Home Link -->\r\n                    <a itemprop=\"item\" href=\"https:\/\/www.justicefordayscholars.com\/fr\/\">\r\n                    \r\n                                                    <i class=\"fa fa-home\" aria-hidden=\"true\"><\/i>Home                    <\/a>\r\n                <\/span>\r\n                <meta itemprop=\"position\" content=\"1\" \/><!-- Meta Position-->\r\n             <\/li><li><span class=\"fbc-separator\">><\/span><\/li><li class=\"active\" itemprop=\"itemListElement\" itemscope itemtype=\"https:\/\/schema.org\/ListItem\"><span itemprop=\"name\" title=\"Documents\">Documents<\/span><meta itemprop=\"position\" content=\"2\" \/><\/li>\t\t\t\t\t<\/ol>\r\n\t\t\t\t\t<div class=\"clearfix\"><\/div>\r\n\t\t\t\t<\/div>\r\n\t\t\t<\/div>\r\n\t\t\tIl s\u2019agit d\u2019un d\u00e9p\u00f4t de documents juridiques importants sur le r\u00e8glement. [&hellip;]<\/p>\n","protected":false},"author":4,"featured_media":0,"parent":0,"menu_order":0,"comment_status":"closed","ping_status":"closed","template":"","meta":{"_et_pb_use_builder":"on","_et_pb_old_content":"","_et_gb_content_width":"","inline_featured_image":false},"acf":[],"_links":{"self":[{"href":"https:\/\/www.justicefordayscholars.com\/fr\/wp-json\/wp\/v2\/pages\/1419"}],"collection":[{"href":"https:\/\/www.justicefordayscholars.com\/fr\/wp-json\/wp\/v2\/pages"}],"about":[{"href":"https:\/\/www.justicefordayscholars.com\/fr\/wp-json\/wp\/v2\/types\/page"}],"author":[{"embeddable":true,"href":"https:\/\/www.justicefordayscholars.com\/fr\/wp-json\/wp\/v2\/users\/4"}],"replies":[{"embeddable":true,"href":"https:\/\/www.justicefordayscholars.com\/fr\/wp-json\/wp\/v2\/comments?post=1419"}],"version-history":[{"count":2,"href":"https:\/\/www.justicefordayscholars.com\/fr\/wp-json\/wp\/v2\/pages\/1419\/revisions"}],"predecessor-version":[{"id":5444,"href":"https:\/\/www.justicefordayscholars.com\/fr\/wp-json\/wp\/v2\/pages\/1419\/revisions\/5444"}],"wp:attachment":[{"href":"https:\/\/www.justicefordayscholars.com\/fr\/wp-json\/wp\/v2\/media?parent=1419"}],"curies":[{"name":"wp","href":"https:\/\/api.w.org\/{rel}","templated":true}]}}